{"id":92,"date":"2022-10-21T10:15:57","date_gmt":"2022-10-21T08:15:57","guid":{"rendered":"http:\/\/latelierduparapente.com\/?page_id=92"},"modified":"2022-12-17T18:18:39","modified_gmt":"2022-12-17T17:18:39","slug":"qui-sommes-nous","status":"publish","type":"page","link":"https:\/\/latelierduparapente.com\/index.php\/qui-sommes-nous\/","title":{"rendered":"Qui sommes nous?"},"content":{"rendered":"\t\t<div data-elementor-type=\"wp-page\" data-elementor-id=\"92\" class=\"elementor elementor-92\">\n\t\t\t\t\t\t<section class=\"elementor-section elementor-top-section elementor-element elementor-element-c183939 elementor-section-boxed elementor-section-height-default elementor-section-height-default\" data-id=\"c183939\" data-element_type=\"section\" data-e-type=\"section\">\n\t\t\t\t\t\t<div class=\"elementor-container elementor-column-gap-default\">\n\t\t\t\t\t<div class=\"elementor-column elementor-col-100 elementor-top-column elementor-element elementor-element-3d8d3f6\" data-id=\"3d8d3f6\" data-element_type=\"column\" data-e-type=\"column\" data-settings=\"{&quot;background_background&quot;:&quot;slideshow&quot;,&quot;background_slideshow_gallery&quot;:[],&quot;background_slideshow_loop&quot;:&quot;yes&quot;,&quot;background_slideshow_slide_duration&quot;:5000,&quot;background_slideshow_slide_transition&quot;:&quot;fade&quot;,&quot;background_slideshow_transition_duration&quot;:500}\">\n\t\t\t<div class=\"elementor-widget-wrap elementor-element-populated\">\n\t\t\t\t\t\t<div class=\"elementor-element elementor-element-f942068 elementor-widget elementor-widget-heading\" data-id=\"f942068\" data-element_type=\"widget\" data-e-type=\"widget\" data-widget_type=\"heading.default\">\n\t\t\t\t<div class=\"elementor-widget-container\">\n\t\t\t\t\t<h2 class=\"elementor-heading-title elementor-size-xxl\"><br><br><b>Qui sommes nous?<br><\/b><br><\/h2>\t\t\t\t<\/div>\n\t\t\t\t<\/div>\n\t\t\t\t\t<\/div>\n\t\t<\/div>\n\t\t\t\t\t<\/div>\n\t\t<\/section>\n\t\t\t\t<section class=\"elementor-section elementor-top-section elementor-element elementor-element-34e2c2a5 elementor-section-content-middle elementor-section-full_width elementor-reverse-mobile elementor-reverse-tablet elementor-section-height-default elementor-section-height-default\" data-id=\"34e2c2a5\" data-element_type=\"section\" data-e-type=\"section\">\n\t\t\t\t\t\t<div class=\"elementor-container elementor-column-gap-no\">\n\t\t\t\t\t<div class=\"elementor-column elementor-col-50 elementor-top-column elementor-element elementor-element-4f51f676\" data-id=\"4f51f676\" data-element_type=\"column\" data-e-type=\"column\">\n\t\t\t<div class=\"elementor-widget-wrap elementor-element-populated\">\n\t\t\t\t\t\t<div class=\"elementor-element elementor-element-6aabd954 elementor-widget elementor-widget-image\" data-id=\"6aabd954\" data-element_type=\"widget\" data-e-type=\"widget\" data-widget_type=\"image.default\">\n\t\t\t\t<div class=\"elementor-widget-container\">\n\t\t\t\t\t\t\t\t\t\t\t\t\t\t\t<img fetchpriority=\"high\" decoding=\"async\" width=\"750\" height=\"432\" src=\"https:\/\/latelierduparapente.com\/wp-content\/uploads\/2022\/11\/313110655_903939707241364_8578556057998183098_n-768x442.jpeg\" class=\"attachment-medium_large size-medium_large wp-image-280\" alt=\"\" srcset=\"https:\/\/latelierduparapente.com\/wp-content\/uploads\/2022\/11\/313110655_903939707241364_8578556057998183098_n-768x442.jpeg 768w, https:\/\/latelierduparapente.com\/wp-content\/uploads\/2022\/11\/313110655_903939707241364_8578556057998183098_n-300x173.jpeg 300w, https:\/\/latelierduparapente.com\/wp-content\/uploads\/2022\/11\/313110655_903939707241364_8578556057998183098_n.jpeg 1022w\" sizes=\"(max-width: 750px) 100vw, 750px\" \/>\t\t\t\t\t\t\t\t\t\t\t\t\t\t\t<\/div>\n\t\t\t\t<\/div>\n\t\t\t\t\t<\/div>\n\t\t<\/div>\n\t\t\t\t<div class=\"elementor-column elementor-col-50 elementor-top-column elementor-element elementor-element-2c7506e5\" data-id=\"2c7506e5\" data-element_type=\"column\" data-e-type=\"column\">\n\t\t\t<div class=\"elementor-widget-wrap elementor-element-populated\">\n\t\t\t\t\t\t<div class=\"elementor-element elementor-element-1e0de1a6 elementor-widget elementor-widget-heading\" data-id=\"1e0de1a6\" data-element_type=\"widget\" data-e-type=\"widget\" data-widget_type=\"heading.default\">\n\t\t\t\t<div class=\"elementor-widget-container\">\n\t\t\t\t\t<h1 class=\"elementor-heading-title elementor-size-default\">Notre mission<\/h1>\t\t\t\t<\/div>\n\t\t\t\t<\/div>\n\t\t\t\t<div class=\"elementor-element elementor-element-44bcdf59 elementor-widget elementor-widget-text-editor\" data-id=\"44bcdf59\" data-element_type=\"widget\" data-e-type=\"widget\" data-widget_type=\"text-editor.default\">\n\t\t\t\t<div class=\"elementor-widget-container\">\n\t\t\t\t\t\t\t\t\t<p><span><span style=\"font-size: 12pt; font-family: Calibri, sans-serif; color: #000000; background-color: transparent; font-variant-numeric: normal; font-variant-east-asian: normal; vertical-align: baseline; white-space: pre-wrap;\">Conscients de l\u2019exigence que n\u00e9cessite l\u2019entretien du mat\u00e9riel de parapente, nous sommes disponible pour r\u00e9viser ou r\u00e9parer vos voiles et vos secours.<\/span><\/span><\/p>\t\t\t\t\t\t\t\t<\/div>\n\t\t\t\t<\/div>\n\t\t\t\t\t<\/div>\n\t\t<\/div>\n\t\t\t\t\t<\/div>\n\t\t<\/section>\n\t\t\t\t<section class=\"elementor-section elementor-top-section elementor-element elementor-element-38254996 elementor-section-full_width elementor-section-height-default elementor-section-height-default\" data-id=\"38254996\" data-element_type=\"section\" data-e-type=\"section\">\n\t\t\t\t\t\t<div class=\"elementor-container elementor-column-gap-no\">\n\t\t\t\t\t<div class=\"elementor-column elementor-col-100 elementor-top-column elementor-element elementor-element-47410f71\" data-id=\"47410f71\" data-element_type=\"column\" data-e-type=\"column\">\n\t\t\t<div class=\"elementor-widget-wrap elementor-element-populated\">\n\t\t\t\t\t\t<div class=\"elementor-element elementor-element-686a30f4 elementor-widget elementor-widget-heading\" data-id=\"686a30f4\" data-element_type=\"widget\" data-e-type=\"widget\" data-widget_type=\"heading.default\">\n\t\t\t\t<div class=\"elementor-widget-container\">\n\t\t\t\t\t<h2 class=\"elementor-heading-title elementor-size-default\">Notre \u00e9quipe<\/h2>\t\t\t\t<\/div>\n\t\t\t\t<\/div>\n\t\t\t\t<section class=\"elementor-section elementor-inner-section elementor-element elementor-element-74d4a3a3 elementor-section-full_width elementor-section-height-default elementor-section-height-default\" data-id=\"74d4a3a3\" data-element_type=\"section\" data-e-type=\"section\">\n\t\t\t\t\t\t<div class=\"elementor-container elementor-column-gap-no\">\n\t\t\t\t\t<div class=\"elementor-column elementor-col-50 elementor-inner-column elementor-element elementor-element-42bc9216\" data-id=\"42bc9216\" data-element_type=\"column\" data-e-type=\"column\">\n\t\t\t<div class=\"elementor-widget-wrap elementor-element-populated\">\n\t\t\t\t\t\t<div class=\"elementor-element elementor-element-37d530ff elementor-position-top elementor-widget elementor-widget-image-box\" data-id=\"37d530ff\" data-element_type=\"widget\" data-e-type=\"widget\" data-widget_type=\"image-box.default\">\n\t\t\t\t<div class=\"elementor-widget-container\">\n\t\t\t\t\t<div class=\"elementor-image-box-wrapper\"><figure class=\"elementor-image-box-img\"><img decoding=\"async\" src=\"https:\/\/latelierduparapente.com\/wp-content\/uploads\/2022\/12\/portrait-delf.png\" title=\"portrait delf\" alt=\"delphine pille l atelier du parapente\" class=\"elementor-animation-grow\" loading=\"lazy\" \/><\/figure><div class=\"elementor-image-box-content\"><h4 class=\"elementor-image-box-title\">Delphine PILLE<br><span style=\"font-weight:normal\"><span style=\"font-size: 12pt;font-family: Calibri, sans-serif;background-color: transparent;vertical-align: baseline\">monitrice depuis 1999, directrice de l\u2019\u00e9cole Esprit Parapente et \u00e9galement sp\u00e9cialis\u00e9e dans l\u2019accompagnement en pr\u00e9paration mentale.<\/span><\/span><\/h4><\/div><\/div>\t\t\t\t<\/div>\n\t\t\t\t<\/div>\n\t\t\t\t\t<\/div>\n\t\t<\/div>\n\t\t\t\t<div class=\"elementor-column elementor-col-50 elementor-inner-column elementor-element elementor-element-7eaf1dc9\" data-id=\"7eaf1dc9\" data-element_type=\"column\" data-e-type=\"column\">\n\t\t\t<div class=\"elementor-widget-wrap elementor-element-populated\">\n\t\t\t\t\t\t<div class=\"elementor-element elementor-element-30b4b241 elementor-position-top elementor-widget elementor-widget-image-box\" data-id=\"30b4b241\" data-element_type=\"widget\" data-e-type=\"widget\" data-widget_type=\"image-box.default\">\n\t\t\t\t<div class=\"elementor-widget-container\">\n\t\t\t\t\t<div class=\"elementor-image-box-wrapper\"><figure class=\"elementor-image-box-img\"><img decoding=\"async\" src=\"https:\/\/latelierduparapente.com\/wp-content\/uploads\/2022\/10\/G0049673-scaled.jpg\" title=\"DCIM100GOPROG0049673.JPG\" alt=\"DCIM100GOPROG0049673.JPG\" class=\"elementor-animation-grow\" loading=\"lazy\" \/><\/figure><div class=\"elementor-image-box-content\"><h4 class=\"elementor-image-box-title\">Maxime CASSIER<br><span style=\"font-weight:normal\" id=\"docs-internal-guid-4f7717b7-7fff-b39d-2159-f771a9cd27fe\"><span style=\"font-size: 12pt;font-family: Calibri, sans-serif;background-color: transparent;vertical-align: baseline\">moniteur DEJEPS depuis 2018, sp\u00e9cialiste du cross et du vol bivouac. Haut alpin de naissance, maxime appr\u00e9cie le partage de ses connaissances.<\/span><\/span><\/h4><\/div><\/div>\t\t\t\t<\/div>\n\t\t\t\t<\/div>\n\t\t\t\t\t<\/div>\n\t\t<\/div>\n\t\t\t\t\t<\/div>\n\t\t<\/section>\n\t\t\t\t<div class=\"elementor-element elementor-element-735c7e25 elementor-widget elementor-widget-text-editor\" data-id=\"735c7e25\" data-element_type=\"widget\" data-e-type=\"widget\" data-widget_type=\"text-editor.default\">\n\t\t\t\t<div class=\"elementor-widget-container\">\n\t\t\t\t\t\t\t\t\t<h6><\/h6><h6><\/h6><h6>Form\u00e9s par Eric Laforge et l&rsquo;\u00e9quipe d&rsquo;Asagiri ( Suisse ), nous avons acquis un souci de soin, de pr\u00e9cision pour la r\u00e9vision et le contr\u00f4le de voile. L&rsquo;expertise Suisse n&rsquo;est plus \u00e0 prouver !<\/h6>\t\t\t\t\t\t\t\t<\/div>\n\t\t\t\t<\/div>\n\t\t\t\t<div class=\"elementor-element elementor-element-699acb9 elementor-widget elementor-widget-text-editor\" data-id=\"699acb9\" data-element_type=\"widget\" data-e-type=\"widget\" data-widget_type=\"text-editor.default\">\n\t\t\t\t<div class=\"elementor-widget-container\">\n\t\t\t\t\t\t\t\t\t<h6>Afin de prendre en charge votre mat\u00e9riel, merci de t\u00e9l\u00e9charger la <a href=\"https:\/\/drive.google.com\/file\/d\/1Luo9m-VhvDTRD9Wfm6jayME4-jWeflrU\/view?usp=share_link\" target=\"_blank\" rel=\"noopener\">fiche de prise en charge<\/a> et de nous la renvoyer.<\/h6><div><\/div><div><\/div>\t\t\t\t\t\t\t\t<\/div>\n\t\t\t\t<\/div>\n\t\t\t\t\t<\/div>\n\t\t<\/div>\n\t\t\t\t\t<\/div>\n\t\t<\/section>\n\t\t\t\t<section class=\"elementor-section elementor-top-section elementor-element elementor-element-ab24768 elementor-section-boxed elementor-section-height-default elementor-section-height-default\" data-id=\"ab24768\" data-element_type=\"section\" data-e-type=\"section\">\n\t\t\t\t\t\t<div class=\"elementor-container elementor-column-gap-default\">\n\t\t\t\t\t<div class=\"elementor-column elementor-col-100 elementor-top-column elementor-element elementor-element-f065e28\" data-id=\"f065e28\" data-element_type=\"column\" data-e-type=\"column\">\n\t\t\t<div class=\"elementor-widget-wrap elementor-element-populated\">\n\t\t\t\t\t\t<div class=\"elementor-element elementor-element-a188a26 elementor-widget elementor-widget-image\" data-id=\"a188a26\" data-element_type=\"widget\" data-e-type=\"widget\" data-widget_type=\"image.default\">\n\t\t\t\t<div class=\"elementor-widget-container\">\n\t\t\t\t\t\t\t\t\t\t\t\t\t\t\t<img decoding=\"async\" width=\"300\" height=\"192\" src=\"https:\/\/latelierduparapente.com\/wp-content\/uploads\/2022\/12\/Logo-1-orange-300x192.png\" class=\"attachment-medium size-medium wp-image-356\" alt=\"\" srcset=\"https:\/\/latelierduparapente.com\/wp-content\/uploads\/2022\/12\/Logo-1-orange-300x192.png 300w, https:\/\/latelierduparapente.com\/wp-content\/uploads\/2022\/12\/Logo-1-orange-768x491.png 768w, https:\/\/latelierduparapente.com\/wp-content\/uploads\/2022\/12\/Logo-1-orange.png 900w\" sizes=\"(max-width: 300px) 100vw, 300px\" \/>\t\t\t\t\t\t\t\t\t\t\t\t\t\t\t<\/div>\n\t\t\t\t<\/div>\n\t\t\t\t<div class=\"elementor-element elementor-element-f7a66e3 elementor-widget elementor-widget-text-editor\" data-id=\"f7a66e3\" data-element_type=\"widget\" data-e-type=\"widget\" data-widget_type=\"text-editor.default\">\n\t\t\t\t<div class=\"elementor-widget-container\">\n\t\t\t\t\t\t\t\t\t<p style=\"text-align: center;\"><span data-elementor-setting-key=\"icon_list.1.text\" data-pen-placeholder=\"\u00c9crivez ici...\" contenteditable=\"true\"><strong>8 Avenue Pierre Sainte &#8211; L&rsquo;Argenti\u00e8re la Bess\u00e9e<\/strong><\/span><\/p>\t\t\t\t\t\t\t\t<\/div>\n\t\t\t\t<\/div>\n\t\t\t\t<div class=\"elementor-element elementor-element-0026230 elementor-shape-rounded elementor-grid-0 e-grid-align-center elementor-widget elementor-widget-social-icons\" data-id=\"0026230\" data-element_type=\"widget\" data-e-type=\"widget\" data-widget_type=\"social-icons.default\">\n\t\t\t\t<div class=\"elementor-widget-container\">\n\t\t\t\t\t\t\t<div class=\"elementor-social-icons-wrapper elementor-grid\">\n\t\t\t\t\t\t\t<span class=\"elementor-grid-item\">\n\t\t\t\t\t<a class=\"elementor-icon elementor-social-icon elementor-social-icon-facebook elementor-repeater-item-871ac50\" href=\"https:\/\/www.facebook.com\/profile.php?id=100086358015939\" target=\"_blank\">\n\t\t\t\t\t\t<span class=\"elementor-screen-only\">Facebook<\/span>\n\t\t\t\t\t\t<i aria-hidden=\"true\" class=\"fab fa-facebook\"><\/i>\t\t\t\t\t<\/a>\n\t\t\t\t<\/span>\n\t\t\t\t\t<\/div>\n\t\t\t\t\t\t<\/div>\n\t\t\t\t<\/div>\n\t\t\t\t\t<\/div>\n\t\t<\/div>\n\t\t\t\t\t<\/div>\n\t\t<\/section>\n\t\t\t\t<\/div>\n\t\t","protected":false},"excerpt":{"rendered":"<p>Qui sommes nous? Notre mission Conscients de l\u2019exigence que n\u00e9cessite l\u2019entretien du mat\u00e9riel de parapente, nous sommes disponible pour r\u00e9viser ou r\u00e9parer vos voiles et vos secours. Notre \u00e9quipe Delphine PILLEmonitrice depuis 1999, directrice de l\u2019\u00e9cole Esprit Parapente et \u00e9galement sp\u00e9cialis\u00e9e dans l\u2019accompagnement en pr\u00e9paration mentale. Maxime CASSIERmoniteur DEJEPS depuis [&hellip;]<\/p>\n","protected":false},"author":1,"featured_media":226,"parent":0,"menu_order":0,"comment_status":"closed","ping_status":"closed","template":"page-templates\/template-pagebuilder-full-width.php","meta":{"footnotes":""},"class_list":["post-92","page","type-page","status-publish","has-post-thumbnail","hentry"],"_links":{"self":[{"href":"https:\/\/latelierduparapente.com\/index.php\/wp-json\/wp\/v2\/pages\/92","targetHints":{"allow":["GET"]}}],"collection":[{"href":"https:\/\/latelierduparapente.com\/index.php\/wp-json\/wp\/v2\/pages"}],"about":[{"href":"https:\/\/latelierduparapente.com\/index.php\/wp-json\/wp\/v2\/types\/page"}],"author":[{"embeddable":true,"href":"https:\/\/latelierduparapente.com\/index.php\/wp-json\/wp\/v2\/users\/1"}],"replies":[{"embeddable":true,"href":"https:\/\/latelierduparapente.com\/index.php\/wp-json\/wp\/v2\/comments?post=92"}],"version-history":[{"count":95,"href":"https:\/\/latelierduparapente.com\/index.php\/wp-json\/wp\/v2\/pages\/92\/revisions"}],"predecessor-version":[{"id":473,"href":"https:\/\/latelierduparapente.com\/index.php\/wp-json\/wp\/v2\/pages\/92\/revisions\/473"}],"wp:featuredmedia":[{"embeddable":true,"href":"https:\/\/latelierduparapente.com\/index.php\/wp-json\/wp\/v2\/media\/226"}],"wp:attachment":[{"href":"https:\/\/latelierduparapente.com\/index.php\/wp-json\/wp\/v2\/media?parent=92"}],"curies":[{"name":"wp","href":"https:\/\/api.w.org\/{rel}","templated":true}]}}