{"id":96,"date":"2022-10-21T10:16:23","date_gmt":"2022-10-21T08:16:23","guid":{"rendered":"http:\/\/latelierduparapente.com\/?page_id=96"},"modified":"2026-01-13T21:23:42","modified_gmt":"2026-01-13T20:23:42","slug":"prestations-et-tarifs","status":"publish","type":"page","link":"https:\/\/latelierduparapente.com\/index.php\/prestations-et-tarifs\/","title":{"rendered":"Prestations et Tarifs"},"content":{"rendered":"\t\t<div data-elementor-type=\"wp-page\" data-elementor-id=\"96\" class=\"elementor elementor-96\">\n\t\t\t\t\t\t<section class=\"elementor-section elementor-top-section elementor-element elementor-element-3a66184c elementor-section-boxed elementor-section-height-default elementor-section-height-default\" data-id=\"3a66184c\" data-element_type=\"section\" data-e-type=\"section\">\n\t\t\t\t\t\t<div class=\"elementor-container elementor-column-gap-default\">\n\t\t\t\t\t<div class=\"elementor-column elementor-col-100 elementor-top-column elementor-element elementor-element-1aeb36d8\" data-id=\"1aeb36d8\" data-element_type=\"column\" data-e-type=\"column\">\n\t\t\t<div class=\"elementor-widget-wrap elementor-element-populated\">\n\t\t\t\t\t\t<div class=\"elementor-element elementor-element-4954c179 elementor-widget elementor-widget-text-editor\" data-id=\"4954c179\" data-element_type=\"widget\" data-e-type=\"widget\" data-widget_type=\"text-editor.default\">\n\t\t\t\t<div class=\"elementor-widget-container\">\n\t\t\t\t\t\t\t\t\t<h4 style=\"text-align: center;\"><span style=\"color: #ff6600;\"><b>D\u00e9tails de diff\u00e9rentes r\u00e9visions et inspections paracheck 2025-2026<\/b><\/span><\/h4>\n<div><\/div>\n<div><\/div>\n<h4 data-start=\"1199\" data-end=\"1236\" style=\"text-align: center;\">Pourquoi choisir notre atelier ?<\/h4>\n<ul data-start=\"1237\" data-end=\"1480\">\n<li data-start=\"1237\" data-end=\"1287\">\n<p data-start=\"1239\" data-end=\"1287\">\ud83d\udd27 <strong data-start=\"1242\" data-end=\"1287\">Expertise technique sp\u00e9cialis\u00e9e parapente<\/strong><\/p>\n<\/li>\n<li data-start=\"1288\" data-end=\"1328\">\n<p data-start=\"1290\" data-end=\"1328\">\ud83e\uddea <strong data-start=\"1293\" data-end=\"1328\">Outils de mesure professionnels<\/strong><\/p>\n<\/li>\n<li data-start=\"1329\" data-end=\"1372\">\n<p data-start=\"1331\" data-end=\"1372\">\ud83d\udcc4 <strong data-start=\"1334\" data-end=\"1372\">Tra\u00e7abilit\u00e9 et transparence totale<\/strong><\/p>\n<\/li>\n<li data-start=\"1373\" data-end=\"1435\">\n<p data-start=\"1375\" data-end=\"1435\">\ud83e\udd1d <strong data-start=\"1378\" data-end=\"1435\">Conseils clairs, honn\u00eates et adapt\u00e9s \u00e0 votre pratique<\/strong><\/p>\n<\/li>\n<li data-start=\"1436\" data-end=\"1480\">\n<p data-start=\"1438\" data-end=\"1480\">\u23f1\ufe0f <strong data-start=\"1441\" data-end=\"1480\">Flexibilit\u00e9 et service r\u00e9actif<\/strong><\/p>\n<\/li>\n<\/ul>\n<p><\/p>\n<p><!-- \/wp:paragraph --><\/p>\n<p><!-- wp:paragraph --><\/p>\n<p><!-- \/wp:paragraph --><\/p>\n<p><!-- wp:paragraph --><\/p>\n<p><!-- \/wp:paragraph --><\/p>\t\t\t\t\t\t\t\t<\/div>\n\t\t\t\t<\/div>\n\t\t\t\t\t<\/div>\n\t\t<\/div>\n\t\t\t\t\t<\/div>\n\t\t<\/section>\n\t\t\t\t<section class=\"elementor-section elementor-top-section elementor-element elementor-element-233ec44 elementor-section-stretched elementor-section-boxed elementor-section-height-default elementor-section-height-default\" data-id=\"233ec44\" data-element_type=\"section\" data-e-type=\"section\" data-settings=\"{&quot;stretch_section&quot;:&quot;section-stretched&quot;}\">\n\t\t\t\t\t\t<div class=\"elementor-container elementor-column-gap-default\">\n\t\t\t\t\t<div class=\"elementor-column elementor-col-33 elementor-top-column elementor-element elementor-element-c44d582\" data-id=\"c44d582\" data-element_type=\"column\" data-e-type=\"column\">\n\t\t\t<div class=\"elementor-widget-wrap elementor-element-populated\">\n\t\t\t\t\t\t<div class=\"elementor-element elementor-element-1bf63da elementor-widget elementor-widget-image-box\" data-id=\"1bf63da\" data-element_type=\"widget\" data-e-type=\"widget\" data-widget_type=\"image-box.default\">\n\t\t\t\t<div class=\"elementor-widget-container\">\n\t\t\t\t\t<div class=\"elementor-image-box-wrapper\"><div class=\"elementor-image-box-content\"><h3 class=\"elementor-image-box-title\"><span>Inspection<\/span><br><span> <strong><span style=\"color: #ff6600\">GEOMETRIQUE<\/span> <\/strong>(<\/span><strong>Calage)<\/strong><br><br><span><strong><span style=\"color: #ff6600\">80 euros<\/span> <\/strong><\/span><br><span>+ 1 euro par intervention calage<\/span><\/h3><p class=\"elementor-image-box-description\"><span>Mesures des suspentes au laser et calage r\u00e9el<\/span><br><br><span>Pr\u00e9paration d\u2019une fiche de simulation de correction du calage<\/span><br><br><span>R\u00e9glage du calage et mesure du r\u00e9sultat<\/span><br><br><span>Rapport du calage et de contr\u00f4le<\/span><br><br><\/p><\/div><\/div>\t\t\t\t<\/div>\n\t\t\t\t<\/div>\n\t\t\t\t\t<\/div>\n\t\t<\/div>\n\t\t\t\t<div class=\"elementor-column elementor-col-33 elementor-top-column elementor-element elementor-element-c13de29\" data-id=\"c13de29\" data-element_type=\"column\" data-e-type=\"column\">\n\t\t\t<div class=\"elementor-widget-wrap elementor-element-populated\">\n\t\t\t\t\t\t<div class=\"elementor-element elementor-element-e625170 elementor-widget elementor-widget-image-box\" data-id=\"e625170\" data-element_type=\"widget\" data-e-type=\"widget\" data-widget_type=\"image-box.default\">\n\t\t\t\t<div class=\"elementor-widget-container\">\n\t\t\t\t\t<div class=\"elementor-image-box-wrapper\"><div class=\"elementor-image-box-content\"><h3 class=\"elementor-image-box-title\">Inspection <br><span style=\"color: #ff6600\">BASIQUE PARACHECK<\/span><br><br><span style=\"color: #ff6600\">110  euros<\/span><br>+ 1 euro par intervention calage<\/h3><p class=\"elementor-image-box-description\"><br><span>Calage de l'aile<\/span><br><br><span>Contr\u00f4le d\u00e9chirure tissu<\/span><br><br><span>Contr\u00f4le de la porosit\u00e9 du tissu<\/span><br><br><br><br><\/p><\/div><\/div>\t\t\t\t<\/div>\n\t\t\t\t<\/div>\n\t\t\t\t\t<\/div>\n\t\t<\/div>\n\t\t\t\t<div class=\"elementor-column elementor-col-33 elementor-top-column elementor-element elementor-element-92defa1\" data-id=\"92defa1\" data-element_type=\"column\" data-e-type=\"column\">\n\t\t\t<div class=\"elementor-widget-wrap elementor-element-populated\">\n\t\t\t\t\t\t<div class=\"elementor-element elementor-element-ac18db2 elementor-widget elementor-widget-image-box\" data-id=\"ac18db2\" data-element_type=\"widget\" data-e-type=\"widget\" data-widget_type=\"image-box.default\">\n\t\t\t\t<div class=\"elementor-widget-container\">\n\t\t\t\t\t<div class=\"elementor-image-box-wrapper\"><div class=\"elementor-image-box-content\"><h3 class=\"elementor-image-box-title\">Inspection <br><span style=\"color: #ff6600\">GEOMECANIQUE PARACHECK<\/span><br><br><span style=\"color: #ff6600\">140  euros<\/span><br>+ 1 euro par intervention calage<\/h3><p class=\"elementor-image-box-description\"><br><span>Calage de l'aile<\/span><br><br><span>Contr\u00f4le d\u00e9chirure tissu\/Porosit\u00e9 du tissu<\/span><br><br><span>R\u00e9sistance des suspentes<\/span><br><br><br><br><\/p><\/div><\/div>\t\t\t\t<\/div>\n\t\t\t\t<\/div>\n\t\t\t\t\t<\/div>\n\t\t<\/div>\n\t\t\t\t\t<\/div>\n\t\t<\/section>\n\t\t\t\t<section class=\"elementor-section elementor-top-section elementor-element elementor-element-48273e4 elementor-section-stretched elementor-section-boxed elementor-section-height-default elementor-section-height-default\" data-id=\"48273e4\" data-element_type=\"section\" data-e-type=\"section\" data-settings=\"{&quot;stretch_section&quot;:&quot;section-stretched&quot;}\">\n\t\t\t\t\t\t<div class=\"elementor-container elementor-column-gap-default\">\n\t\t\t\t\t<div class=\"elementor-column elementor-col-33 elementor-top-column elementor-element elementor-element-fca5bf0\" data-id=\"fca5bf0\" data-element_type=\"column\" data-e-type=\"column\">\n\t\t\t<div class=\"elementor-widget-wrap elementor-element-populated\">\n\t\t\t\t\t\t<div class=\"elementor-element elementor-element-25749a6 elementor-widget elementor-widget-image-box\" data-id=\"25749a6\" data-element_type=\"widget\" data-e-type=\"widget\" data-widget_type=\"image-box.default\">\n\t\t\t\t<div class=\"elementor-widget-container\">\n\t\t\t\t\t<div class=\"elementor-image-box-wrapper\"><div class=\"elementor-image-box-content\"><h5 class=\"elementor-image-box-title\">Inspection <br><span style=\"color: #ff6600\">GEOMECANIQUE ET VISUELLE PARACHECK<\/span><br><span style=\"color: #ff6600\">175  euros<\/span><br>+ 1 euro par intervention calage<\/h5><p class=\"elementor-image-box-description\"><br><span>Calage de l'aile<\/span><br><br><span>Contr\u00f4le d\u00e9chirure tissu\/Porosit\u00e9 du tissu<br><br><span>R\u00e9sistance suspentes<\/span><br><br><span>Contr\u00f4le visuel suspentage<!--\nspan--><br><br><br><br><br><br><br><\/span><\/p><\/div><\/div>\t\t\t\t<\/div>\n\t\t\t\t<\/div>\n\t\t\t\t\t<\/div>\n\t\t<\/div>\n\t\t\t\t<div class=\"elementor-column elementor-col-33 elementor-top-column elementor-element elementor-element-3833ad6\" data-id=\"3833ad6\" data-element_type=\"column\" data-e-type=\"column\">\n\t\t\t<div class=\"elementor-widget-wrap elementor-element-populated\">\n\t\t\t\t\t\t<div class=\"elementor-element elementor-element-79dfd91 elementor-widget elementor-widget-image-box\" data-id=\"79dfd91\" data-element_type=\"widget\" data-e-type=\"widget\" data-widget_type=\"image-box.default\">\n\t\t\t\t<div class=\"elementor-widget-container\">\n\t\t\t\t\t<div class=\"elementor-image-box-wrapper\"><div class=\"elementor-image-box-content\"><h3 class=\"elementor-image-box-title\"><span style=\"color: #ff6600\">R\u00e9vision <\/span><br><span style=\"color: #ff6600\">p\u00e9riodique PARACHECK<\/span> <br><br><span><strong><span style=\"color: #ff6600\">200 euros<\/span> <\/strong><\/span><br><span>+ 1 euro par intervention calage<\/span><\/h3><p class=\"elementor-image-box-description\"><br><span>Calage de l'aile<\/span><br><br><span>Contr\u00f4le d\u00e9chirure tissu\/Porosit\u00e9 du tissu<\/span><br><br><span>R\u00e9sistance suspentes<br><br><span>Contr\u00f4le visuel suspentage<\/span><br><br><span>Contr\u00f4le visuel de l'aile et nettoyage par suspension<!--\nspan--><br><br><br><br><\/span><\/span><br><\/p><\/div><\/div>\t\t\t\t<\/div>\n\t\t\t\t<\/div>\n\t\t\t\t\t<\/div>\n\t\t<\/div>\n\t\t\t\t<div class=\"elementor-column elementor-col-33 elementor-top-column elementor-element elementor-element-5e3cf95\" data-id=\"5e3cf95\" data-element_type=\"column\" data-e-type=\"column\">\n\t\t\t<div class=\"elementor-widget-wrap elementor-element-populated\">\n\t\t\t\t\t\t<div class=\"elementor-element elementor-element-95dbea1 elementor-widget elementor-widget-image-box\" data-id=\"95dbea1\" data-element_type=\"widget\" data-e-type=\"widget\" data-widget_type=\"image-box.default\">\n\t\t\t\t<div class=\"elementor-widget-container\">\n\t\t\t\t\t<div class=\"elementor-image-box-wrapper\"><div class=\"elementor-image-box-content\"><h3 class=\"elementor-image-box-title\"><span style=\"color: #ff6600\">Tarifs <\/span><br><span style=\"color: #ff6600\">prestation simple<\/span> <\/h3><p class=\"elementor-image-box-description\"><br><span>Remplacement 1 suspente  : \u00e0 partir de 15 euros<br><br>Suppl\u00e9ment connect : 15 euros<br><br>Suppl\u00e9ment Biplace, Monosurface : 20 euros<br><br>Inspection rupture suspentage : 45 euros<br><br>Inspection porosit\u00e9 (minimum 6 points et toutes couleurs ) : 35 euros<br><br>Inspection R\u00e9sistance tissus : 20 euros<br><br>Inspection visuelle du tissu : 45 euros<br><br>Inspection du suspentage : 45 euros<br><br><\/p><\/div><\/div>\t\t\t\t<\/div>\n\t\t\t\t<\/div>\n\t\t\t\t\t<\/div>\n\t\t<\/div>\n\t\t\t\t\t<\/div>\n\t\t<\/section>\n\t\t\t\t<section class=\"elementor-section elementor-top-section elementor-element elementor-element-ea1e707 elementor-section-boxed elementor-section-height-default elementor-section-height-default\" data-id=\"ea1e707\" data-element_type=\"section\" data-e-type=\"section\">\n\t\t\t\t\t\t<div class=\"elementor-container elementor-column-gap-default\">\n\t\t\t\t\t<div class=\"elementor-column elementor-col-100 elementor-top-column elementor-element elementor-element-5ba0e66\" data-id=\"5ba0e66\" data-element_type=\"column\" data-e-type=\"column\">\n\t\t\t<div class=\"elementor-widget-wrap elementor-element-populated\">\n\t\t\t\t\t\t<div class=\"elementor-element elementor-element-609aea6 elementor-widget elementor-widget-text-editor\" data-id=\"609aea6\" data-element_type=\"widget\" data-e-type=\"widget\" data-widget_type=\"text-editor.default\">\n\t\t\t\t<div class=\"elementor-widget-container\">\n\t\t\t\t\t\t\t\t\t<ul>\n<li>\n<p>Pliage Secours rond : 50 euros<\/p>\n<\/li>\n<li>\n<p>Pliage Secours carr\u00e9 : 60 euros<\/p>\n<\/li>\n<li>\n<p>Pliage Secours dirigeable : 90 euros<\/p>\n<\/li>\n<li>\n<p>+ 10 euros pour remise dans le container<\/p>\n<\/li>\n<\/ul>\t\t\t\t\t\t\t\t<\/div>\n\t\t\t\t<\/div>\n\t\t\t\t\t<\/div>\n\t\t<\/div>\n\t\t\t\t\t<\/div>\n\t\t<\/section>\n\t\t\t\t<section class=\"elementor-section elementor-top-section elementor-element elementor-element-7d41f9e elementor-section-boxed elementor-section-height-default elementor-section-height-default\" data-id=\"7d41f9e\" data-element_type=\"section\" data-e-type=\"section\">\n\t\t\t\t\t\t<div class=\"elementor-container elementor-column-gap-default\">\n\t\t\t\t\t<div class=\"elementor-column elementor-col-100 elementor-top-column elementor-element elementor-element-d95d31d\" data-id=\"d95d31d\" data-element_type=\"column\" data-e-type=\"column\">\n\t\t\t<div class=\"elementor-widget-wrap elementor-element-populated\">\n\t\t\t\t\t\t<div class=\"elementor-element elementor-element-75c3523 elementor-widget elementor-widget-image\" data-id=\"75c3523\" data-element_type=\"widget\" data-e-type=\"widget\" data-widget_type=\"image.default\">\n\t\t\t\t<div class=\"elementor-widget-container\">\n\t\t\t\t\t\t\t\t\t\t\t\t\t\t\t<img fetchpriority=\"high\" decoding=\"async\" width=\"191\" height=\"264\" src=\"https:\/\/latelierduparapente.com\/wp-content\/uploads\/2023\/12\/logoparacheck.png\" class=\"attachment-large size-large wp-image-499\" alt=\"atelier paracheck FFVL\" \/>\t\t\t\t\t\t\t\t\t\t\t\t\t\t\t<\/div>\n\t\t\t\t<\/div>\n\t\t\t\t\t<\/div>\n\t\t<\/div>\n\t\t\t\t\t<\/div>\n\t\t<\/section>\n\t\t\t\t<section class=\"elementor-section elementor-top-section elementor-element elementor-element-bcd26ee elementor-section-boxed elementor-section-height-default elementor-section-height-default\" data-id=\"bcd26ee\" data-element_type=\"section\" data-e-type=\"section\">\n\t\t\t\t\t\t<div class=\"elementor-container elementor-column-gap-default\">\n\t\t\t\t\t<div class=\"elementor-column elementor-col-100 elementor-top-column elementor-element elementor-element-cdd28a6\" data-id=\"cdd28a6\" data-element_type=\"column\" data-e-type=\"column\">\n\t\t\t<div class=\"elementor-widget-wrap elementor-element-populated\">\n\t\t\t\t\t\t<div class=\"elementor-element elementor-element-6bbc99f elementor-widget elementor-widget-image\" data-id=\"6bbc99f\" data-element_type=\"widget\" data-e-type=\"widget\" data-widget_type=\"image.default\">\n\t\t\t\t<div class=\"elementor-widget-container\">\n\t\t\t\t\t\t\t\t\t\t\t\t\t\t\t<img decoding=\"async\" width=\"300\" height=\"192\" src=\"https:\/\/latelierduparapente.com\/wp-content\/uploads\/2022\/12\/Logo-1-orange-300x192.png\" class=\"attachment-medium size-medium wp-image-356\" alt=\"\" srcset=\"https:\/\/latelierduparapente.com\/wp-content\/uploads\/2022\/12\/Logo-1-orange-300x192.png 300w, https:\/\/latelierduparapente.com\/wp-content\/uploads\/2022\/12\/Logo-1-orange-768x491.png 768w, https:\/\/latelierduparapente.com\/wp-content\/uploads\/2022\/12\/Logo-1-orange.png 900w\" sizes=\"(max-width: 300px) 100vw, 300px\" \/>\t\t\t\t\t\t\t\t\t\t\t\t\t\t\t<\/div>\n\t\t\t\t<\/div>\n\t\t\t\t<div class=\"elementor-element elementor-element-de16ab1 elementor-widget elementor-widget-text-editor\" data-id=\"de16ab1\" data-element_type=\"widget\" data-e-type=\"widget\" data-widget_type=\"text-editor.default\">\n\t\t\t\t<div class=\"elementor-widget-container\">\n\t\t\t\t\t\t\t\t\t<p style=\"text-align: center;\"><span data-elementor-setting-key=\"icon_list.1.text\" data-pen-placeholder=\"\u00c9crivez ici...\" contenteditable=\"true\"><strong>8 Avenue Pierre Sainte &#8211; L&rsquo;Argenti\u00e8re la Bess\u00e9e<\/strong><\/span><\/p>\t\t\t\t\t\t\t\t<\/div>\n\t\t\t\t<\/div>\n\t\t\t\t\t<\/div>\n\t\t<\/div>\n\t\t\t\t\t<\/div>\n\t\t<\/section>\n\t\t\t\t<section class=\"elementor-section elementor-top-section elementor-element elementor-element-9e12c09 elementor-section-boxed elementor-section-height-default elementor-section-height-default\" data-id=\"9e12c09\" data-element_type=\"section\" data-e-type=\"section\">\n\t\t\t\t\t\t<div class=\"elementor-container elementor-column-gap-default\">\n\t\t\t\t\t<div class=\"elementor-column elementor-col-100 elementor-top-column elementor-element elementor-element-72087d4\" data-id=\"72087d4\" data-element_type=\"column\" data-e-type=\"column\">\n\t\t\t<div class=\"elementor-widget-wrap\">\n\t\t\t\t\t\t\t<\/div>\n\t\t<\/div>\n\t\t\t\t\t<\/div>\n\t\t<\/section>\n\t\t\t\t<\/div>\n\t\t","protected":false},"excerpt":{"rendered":"<p>D\u00e9tails de diff\u00e9rentes r\u00e9visions et inspections paracheck 2025-2026 Pourquoi choisir notre atelier ? \ud83d\udd27 Expertise technique sp\u00e9cialis\u00e9e parapente \ud83e\uddea Outils de mesure professionnels \ud83d\udcc4 Tra\u00e7abilit\u00e9 et transparence totale \ud83e\udd1d Conseils clairs, honn\u00eates et adapt\u00e9s \u00e0 votre pratique \u23f1\ufe0f Flexibilit\u00e9 et service r\u00e9actif Inspection GEOMETRIQUE (Calage) 80 euros + 1 euro [&hellip;]<\/p>\n","protected":false},"author":1,"featured_media":12,"parent":0,"menu_order":0,"comment_status":"closed","ping_status":"closed","template":"","meta":{"footnotes":""},"class_list":["post-96","page","type-page","status-publish","has-post-thumbnail","hentry"],"_links":{"self":[{"href":"https:\/\/latelierduparapente.com\/index.php\/wp-json\/wp\/v2\/pages\/96","targetHints":{"allow":["GET"]}}],"collection":[{"href":"https:\/\/latelierduparapente.com\/index.php\/wp-json\/wp\/v2\/pages"}],"about":[{"href":"https:\/\/latelierduparapente.com\/index.php\/wp-json\/wp\/v2\/types\/page"}],"author":[{"embeddable":true,"href":"https:\/\/latelierduparapente.com\/index.php\/wp-json\/wp\/v2\/users\/1"}],"replies":[{"embeddable":true,"href":"https:\/\/latelierduparapente.com\/index.php\/wp-json\/wp\/v2\/comments?post=96"}],"version-history":[{"count":167,"href":"https:\/\/latelierduparapente.com\/index.php\/wp-json\/wp\/v2\/pages\/96\/revisions"}],"predecessor-version":[{"id":630,"href":"https:\/\/latelierduparapente.com\/index.php\/wp-json\/wp\/v2\/pages\/96\/revisions\/630"}],"wp:featuredmedia":[{"embeddable":true,"href":"https:\/\/latelierduparapente.com\/index.php\/wp-json\/wp\/v2\/media\/12"}],"wp:attachment":[{"href":"https:\/\/latelierduparapente.com\/index.php\/wp-json\/wp\/v2\/media?parent=96"}],"curies":[{"name":"wp","href":"https:\/\/api.w.org\/{rel}","templated":true}]}}